{"id":8197,"date":"2026-03-13T14:49:27","date_gmt":"2026-03-13T14:49:27","guid":{"rendered":"https:\/\/iririumotos.com.br\/?post_type=product&#038;p=8197"},"modified":"2026-03-13T14:52:05","modified_gmt":"2026-03-13T14:52:05","slug":"xre-190-adv-2023","status":"publish","type":"product","link":"https:\/\/iririumotos.com.br\/?product=xre-190-adv-2023","title":{"rendered":"XRE 190 ADV, 2023"},"content":{"rendered":"<p>EXCELENTE ESTADADO DE CONSERVA\u00c7\u00c3O, DOC AT\u00c9 04\/2027<\/p>\n<p>XRE 190 ADVENTURE<\/p>\n<p>$23.500,00<\/p>\n<p>2023\/2023<\/p>\n<p>PARTIDA ELETRICA<br \/>\nFREIO ABS<br \/>\nREVISADA<br \/>\nGARANTIA<br \/>\nLICENCIADA AT\u00c9 04\/2027<br \/>\n11.900 KM<\/p>\n<p>ACEITAMOS MOTOS NA TROCA<\/p>\n<p>FINANCIAMENTO VIA FINANCEIRA<\/p>\n<p>CART\u00c3O DE CREDITO COM A TAXA DA MAQUINA.<\/p>\n<p>AVENIDA PREFEITO WITTCH FREITAG 1630, IRIRIU, JOINVILLE-SC<br \/>\n47-3437-4937 WATTS<\/p>\n","protected":false},"excerpt":{"rendered":"<p><img loading=\"lazy\" decoding=\"async\" class=\"alignnone wp-image-632\" src=\"https:\/\/iririumotos.com.br\/wp-content\/uploads\/2023\/02\/ano.png\" alt=\"\" width=\"23\" height=\"23\" \/>Ano 2023<\/p>\n<p><img loading=\"lazy\" decoding=\"async\" class=\"alignnone wp-image-629\" src=\"https:\/\/iririumotos.com.br\/wp-content\/uploads\/2023\/02\/km.png\" alt=\"\" width=\"20\" height=\"20\" \/> 11,900km rodados<\/p>\n<p><img loading=\"lazy\" decoding=\"async\" class=\"alignnone wp-image-630\" src=\"https:\/\/iririumotos.com.br\/wp-content\/uploads\/2023\/02\/doc.png\" alt=\"\" width=\"21\" height=\"21\" \/>DOC at\u00e9 04\/2027<\/p>\n<p>&nbsp;<\/p>\n","protected":false},"featured_media":8198,"template":"","meta":[],"product_brand":[],"product_cat":[62,52],"product_tag":[],"class_list":{"0":"post-8197","1":"product","2":"type-product","3":"status-publish","4":"has-post-thumbnail","6":"product_cat-62","7":"product_cat-honda","9":"first","10":"instock","11":"shipping-taxable","12":"product-type-external"},"_links":{"self":[{"href":"https:\/\/iririumotos.com.br\/index.php?rest_route=\/wp\/v2\/product\/8197","targetHints":{"allow":["GET"]}}],"collection":[{"href":"https:\/\/iririumotos.com.br\/index.php?rest_route=\/wp\/v2\/product"}],"about":[{"href":"https:\/\/iririumotos.com.br\/index.php?rest_route=\/wp\/v2\/types\/product"}],"wp:featuredmedia":[{"embeddable":true,"href":"https:\/\/iririumotos.com.br\/index.php?rest_route=\/wp\/v2\/media\/8198"}],"wp:attachment":[{"href":"https:\/\/iririumotos.com.br\/index.php?rest_route=%2Fwp%2Fv2%2Fmedia&parent=8197"}],"wp:term":[{"taxonomy":"product_brand","embeddable":true,"href":"https:\/\/iririumotos.com.br\/index.php?rest_route=%2Fwp%2Fv2%2Fproduct_brand&post=8197"},{"taxonomy":"product_cat","embeddable":true,"href":"https:\/\/iririumotos.com.br\/index.php?rest_route=%2Fwp%2Fv2%2Fproduct_cat&post=8197"},{"taxonomy":"product_tag","embeddable":true,"href":"https:\/\/iririumotos.com.br\/index.php?rest_route=%2Fwp%2Fv2%2Fproduct_tag&post=8197"}],"curies":[{"name":"wp","href":"https:\/\/api.w.org\/{rel}","templated":true}]}}